{"id":245,"date":"2016-11-21T11:56:14","date_gmt":"2016-11-21T10:56:14","guid":{"rendered":"http:\/\/socialwind.es\/?page_id=245"},"modified":"2019-04-26T14:11:50","modified_gmt":"2019-04-26T12:11:50","slug":"local-seo","status":"publish","type":"page","link":"https:\/\/socialwind.es\/en\/local-seo\/","title":{"rendered":"Local SEO"},"content":{"rendered":"<p><section class=\"kc-elm kc-css-958651 kc_row\"><div class=\"kc-row-container  kc-container\"><div class=\"kc-wrap-columns\"><div class=\"kc-elm kc-css-18386 kc_col-sm-12 kc_column col-md-12\"><div class=\"kc-col-container\">\n<header class=\"kc-elm kc-css-259043 crumina-module crumina-heading align-center medium-section\">\n\n    <div class=\"title-text-wrap\">\n        <h1 class=\"heading-title\" >Un buen SEO har\u00e1 que tu proyecto se posicione entre los primeros<\/h1>\t        <\/div>\n\t        <div class=\"heading-decoration\"><span class=\"first\"><\/span><span class=\"second\"><\/span><\/div>\n\t<\/header><div class=\"kc-elm kc-css-121730 crumina-module single-image\">\n    \t    <img loading=\"lazy\" decoding=\"async\" width=\"1155\" height=\"526\" src=\"https:\/\/socialwind.es\/wp-content\/uploads\/2016\/11\/triple-image.png\" class=\"aligncenter\" alt=\"\" srcset=\"https:\/\/socialwind.es\/wp-content\/uploads\/2016\/11\/triple-image.png 1155w, https:\/\/socialwind.es\/wp-content\/uploads\/2016\/11\/triple-image-600x273.png 600w, https:\/\/socialwind.es\/wp-content\/uploads\/2016\/11\/triple-image-300x137.png 300w, https:\/\/socialwind.es\/wp-content\/uploads\/2016\/11\/triple-image-768x350.png 768w, https:\/\/socialwind.es\/wp-content\/uploads\/2016\/11\/triple-image-1024x466.png 1024w\" sizes=\"auto, (max-width: 1155px) 100vw, 1155px\" \/>        <\/div>\n<\/div><\/div><\/div><\/div><\/section><section class=\"kc-elm kc-css-437582 kc_row\"><div class=\"kc-row-container  kc-container\"><div class=\"kc-wrap-columns\"><div class=\"kc-elm kc-css-349625 kc_col-sm-1 kc_column col-md-1 col-sm-6 col-xs-12\"><div class=\"kc-col-container\"><\/div><\/div><div class=\"kc-elm kc-css-829314 kc_col-sm-10 kc_column col-md-10 col-sm-12\"><div class=\"kc-col-container\"><div class=\"kc-elm kc-css-294205 kc_text_block\"><\/p>\n<p>Llevamos muchos a\u00f1os trabajando On line y hemos visto como proyectos muy buenos no han conseguido suficiente notoriedad debido a un mal SEO.\u00a0<\/p>\n<p>\n<\/div>\n<div class=\"kc-elm kc-css-179895 crumina-module crum-button align-center\">\n    <a class=\"btn btn-medium btn--blue icon- btn-hover-shadow\" href=\"#\" target=\"_self\" title=\"\">\n\t\t<span class=\"text\">Cu\u00e9ntanos<\/span>        <span class=\"semicircle\"><\/span>\n    <\/a>\n<\/div><\/div><\/div><div class=\"kc-elm kc-css-790493 kc_col-sm-1 kc_column col-md-1 col-sm-6 col-xs-12\"><div class=\"kc-col-container\"><\/div><\/div><\/div><\/div><\/section><section class=\"kc-elm kc-css-793812 kc_row\"><div class=\"kc-row-container  kc-container\"><div class=\"kc-wrap-columns\"><div class=\"kc-elm kc-css-214856 kc_col-sm-7 kc_column col-md-7 col-sm-12\"><div class=\"kc-col-container\"><div class=\"kc-elm kc-css-307177 crumina-module single-image\">\n    \t    <img loading=\"lazy\" decoding=\"async\" width=\"609\" height=\"472\" src=\"https:\/\/socialwind.es\/wp-content\/uploads\/2016\/11\/local-seo3.png\" class=\"aligncenter\" alt=\"\" srcset=\"https:\/\/socialwind.es\/wp-content\/uploads\/2016\/11\/local-seo3.png 609w, https:\/\/socialwind.es\/wp-content\/uploads\/2016\/11\/local-seo3-300x233.png 300w, https:\/\/socialwind.es\/wp-content\/uploads\/2016\/11\/local-seo3-600x465.png 600w\" sizes=\"auto, (max-width: 609px) 100vw, 609px\" \/>        <\/div>\n<\/div><\/div><div class=\"kc-elm kc-css-262441 kc_col-sm-5 kc_column col-md-5 col-sm-12\"><div class=\"kc-col-container\">\n<header class=\"kc-elm kc-css-848579 crumina-module crumina-heading align-left\">\n\n    <div class=\"title-text-wrap\">\n        <h3 class=\"heading-title\" >M\u00e1s del 90% de la experiencia On line comienza con una b\u00fasqueda.<\/h3>\t        <\/div>\n\t<\/header><div class=\"kc-elm kc-css-624121 kc_text_block\"><\/p>\n<p><strong>El SEO es el proceso de optimizar tu contenido en internet, de manera que un motor de b\u00fasqueda lo posicione entre los primeros resultados para b\u00fasquedas de una determinada palabra clave.\u00a0<\/strong><\/p>\n<p>\n<\/div>\n<div class=\"kc-elm kc-css-715124 crumina-module crum-button align-left\">\n    <a class=\"btn btn-medium btn--light-green icon- btn-hover-shadow\" href=\"#\">\n\t\t<span class=\"text\">Saber m\u00e1s...<\/span>        <span class=\"semicircle\"><\/span>\n    <\/a>\n<\/div><\/div><\/div><\/div><\/div><\/section><section class=\"kc-elm kc-css-660179 kc_row\"><div class=\"kc-row-container  kc-container\"><div class=\"kc-wrap-columns\"><div class=\"kc-elm kc-css-708569 kc_col-sm-5 kc_column col-md-5 col-sm-12\"><div class=\"kc-col-container\">\n<header class=\"kc-elm kc-css-708096 crumina-module crumina-heading align-left\">\n\n    <div class=\"title-text-wrap\">\n        <h1 class=\"heading-title\" >Herramientas control de SEO<\/h1>\t        <\/div>\n\t        <div class=\"heading-decoration\"><span class=\"first\"><\/span><span class=\"second\"><\/span><\/div>\n\t<\/header><div class=\"kc-elm kc-css-826618 kc_text_block\"><\/p>\n<p>Existen un mont\u00f3n de herramientas para el control del SEO. Algunas son de pago y otras gratuitas.<\/p>\n<p>\n<\/div>\n<div class=\"kc-elm kc-css-329239 crumina-module crum-button align-left\">\n    <a class=\"btn btn-medium btn--olive icon- btn-hover-shadow\" href=\"#\">\n\t\t<span class=\"text\">Consultanos<\/span>        <span class=\"semicircle\"><\/span>\n    <\/a>\n<\/div><\/div><\/div><div class=\"kc-elm kc-css-313325 kc_col-sm-7 kc_column col-md-7 col-sm-12\"><div class=\"kc-col-container\"><div class=\"kc-elm kc-css-924802 crumina-module skills js-run-skills-item\">\n\n    <div class=\"col-lg-offset-1\">\n\t\t                <div class=\"skills-item\">\n                    <div class=\"skills-item-info\">\n                        <span class=\"skills-item-title\">Content marketing strategy<\/span>\n                        <span class=\"skills-item-count\">\n\t\t\t\t\t<span class=\"count-animate\" data-speed=\"1000\" data-refresh-interval=\"50\"\n                          data-to=\"62\"\n                          data-from=\"0\">62<\/span><span\n                                    class=\"units\" >%<\/span><\/span>\n                    <\/div>\n                    <div class=\"skills-item-meter\">\n                        <span class=\"skills-item-meter-active bg-primary-color border-primary-color skills-animate\" style=\"background-color: #fcb03b;border-color: #fcb03b;width: 62%\"><\/span>\n                    <\/div>\n                <\/div>\n\t\t\t                <div class=\"skills-item\">\n                    <div class=\"skills-item-info\">\n                        <span class=\"skills-item-title\">Digital consultancy<\/span>\n                        <span class=\"skills-item-count\">\n\t\t\t\t\t<span class=\"count-animate\" data-speed=\"1000\" data-refresh-interval=\"50\"\n                          data-to=\"86\"\n                          data-from=\"0\">86<\/span><span\n                                    class=\"units\" >%<\/span><\/span>\n                    <\/div>\n                    <div class=\"skills-item-meter\">\n                        <span class=\"skills-item-meter-active bg-primary-color border-primary-color skills-animate\" style=\"background-color: #3cb878;border-color: #3cb878;width: 86%\"><\/span>\n                    <\/div>\n                <\/div>\n\t\t\t                <div class=\"skills-item\">\n                    <div class=\"skills-item-info\">\n                        <span class=\"skills-item-title\">Mobile Marketing<\/span>\n                        <span class=\"skills-item-count\">\n\t\t\t\t\t<span class=\"count-animate\" data-speed=\"1000\" data-refresh-interval=\"50\"\n                          data-to=\"52\"\n                          data-from=\"0\">52<\/span><span\n                                    class=\"units\" >%<\/span><\/span>\n                    <\/div>\n                    <div class=\"skills-item-meter\">\n                        <span class=\"skills-item-meter-active bg-primary-color border-primary-color skills-animate\" style=\"background-color: #f15b26;border-color: #f15b26;width: 52%\"><\/span>\n                    <\/div>\n                <\/div>\n\t\t\t                <div class=\"skills-item\">\n                    <div class=\"skills-item-info\">\n                        <span class=\"skills-item-title\">Reputation management<\/span>\n                        <span class=\"skills-item-count\">\n\t\t\t\t\t<span class=\"count-animate\" data-speed=\"1000\" data-refresh-interval=\"50\"\n                          data-to=\"40\"\n                          data-from=\"0\">40<\/span><span\n                                    class=\"units\" >%<\/span><\/span>\n                    <\/div>\n                    <div class=\"skills-item-meter\">\n                        <span class=\"skills-item-meter-active bg-primary-color border-primary-color skills-animate\" style=\"background-color: #4cc2c0;border-color: #4cc2c0;width: 40%\"><\/span>\n                    <\/div>\n                <\/div>\n\t\t\t    <\/div>\n<\/div><\/div><\/div><\/div><\/div><\/section><section class=\"kc-elm kc-css-913695 kc_row custom-color\" style=\"color: #ffffff;\"><div class=\"kc-row-container  kc-container\"><div class=\"kc-wrap-columns\"><div class=\"kc-elm kc-css-37227 kc_col-sm-12 kc_column col-md-12\"><div class=\"kc-col-container\">\n<header class=\"kc-elm kc-css-233615 crumina-module crumina-heading align-center\">\n\n    <div class=\"title-text-wrap\">\n        <h1 class=\"heading-title\" >Auditorias de SEO<\/h1>\t        <\/div>\n\t        <div class=\"heading-decoration\"><span class=\"first\"><\/span><span class=\"second\"><\/span><\/div>\n\t        <div class=\"h5 heading-text\">Es importante que mantengas tu WEB actualizada y en buenas condiciones<\/div>\n\t<\/header><div class=\"kc-elm kc-css-725084 kc_row kc_row_inner\"><div class=\"kc-elm kc-css-816781 kc_col-sm-6 kc_column_inner col-md-6 col-sm-12\"><div class=\"kc_wrapper kc-col-inner-container\"><div class=\"kc-elm kc-css-12267 crumina-module crumina-info-box info-box--standard\">\n    <div class=\"info-box-image\">\n        <img decoding=\"async\" src=\"https:\/\/socialwind.es\/wp-content\/uploads\/2016\/11\/1457824553_67_-_Targets.svg\" class=\"attachment-full size-full\" alt=\"\" \/>    <\/div>\n    <div class=\"info-box-content\">\n        <h5 class=\"info-box-title\" >Google Search Console<\/h5>                            <div class=\"info-box-text\">Herramienta gratuita de Google que te ayuda a analizar y optimizar tu WEB.<\/div>\n                    <\/div>\n<\/div>\n<\/div><\/div><div class=\"kc-elm kc-css-143640 kc_col-sm-6 kc_column_inner col-md-6 col-sm-12\"><div class=\"kc_wrapper kc-col-inner-container\"><div class=\"kc-elm kc-css-996346 crumina-module crumina-info-box info-box--standard\">\n    <div class=\"info-box-image\">\n        <img decoding=\"async\" src=\"https:\/\/socialwind.es\/wp-content\/uploads\/2016\/11\/1457815288_business_3-02.svg\" class=\"attachment-full size-full\" alt=\"\" \/>    <\/div>\n    <div class=\"info-box-content\">\n        <h5 class=\"info-box-title\" >Bing Webmaster Tools<\/h5>                            <div class=\"info-box-text\">Herramienta que naci\u00f3 en respuesta a Google. Est\u00e1 optimizada para las b\u00fasquedas en el navegador de Microsoft.<\/div>\n                    <\/div>\n<\/div>\n<\/div><\/div><\/div><\/div><\/div><\/div><\/div><\/section><section class=\"kc-elm kc-css-247260 kc_row\"><div class=\"kc-row-container  kc-container\"><div class=\"kc-wrap-columns\"><div class=\"kc-elm kc-css-125714 kc_col-sm-12 kc_column col-md-12\"><div class=\"kc-col-container\">\n<header class=\"kc-elm kc-css-582128 crumina-module crumina-heading align-left\">\n\n    <div class=\"title-text-wrap\">\n        <h1 class=\"heading-title\" >Consulta tu proyecto con nosotros<\/h1>\t        <\/div>\n\t        <div class=\"heading-decoration\"><span class=\"first\"><\/span><span class=\"second\"><\/span><\/div>\n\t        <div class=\"h5 heading-text\">Si est\u00e1n pensando en desarrollar tu negocio on line, crear una WEB o mejorar tu posici\u00f3n en Google. \u00a1Contacta!<\/div>\n\t<\/header>    <div class=\"kc-elm kc-css-319492 crumina-module contact-form\" >\r\n\r\n\t\t<form data-fw-form-id=\"fw_form\" method=\"post\" action=\"https:\/\/socialwind.es\/en\/wp-json\/wp\/v2\/pages\/245\" class=\"fw_form_fw_form\" data-fw-ext-forms-type=\"contact-forms\" data-trp-original-action=\"https:\/\/socialwind.es\/en\/wp-json\/wp\/v2\/pages\/245\"  ><input type=\"hidden\" name=\"fwf\" value=\"fw_form\" \/><input type=\"hidden\" id=\"_nonce_7fef4364bfb911102c5055696027c505\" name=\"_nonce_7fef4364bfb911102c5055696027c505\" value=\"d64b72089a\" \/><input type=\"hidden\" name=\"_wp_http_referer\" value=\"\/en\/wp-json\/wp\/v2\/pages\/245\" \/><input type=\"hidden\" name=\"fw_ext_forms_form_type\" value=\"contact-forms\" \/><input type=\"hidden\" name=\"fw_ext_forms_form_id\" value=\"1736\" \/><div class=\"wrap-forms\">\n\t<div class=\"row\"><\/div><div class=\"row\"><div class=\"col-xs-12 col-sm-12 col-md-6 col-lg-6 form-builder-item input-standard-grey input-standard-grey\">\n\t<div class=\"field-text\">\n\t\t\t\t<input type=\"text\" name=\"website_bf62874\" placeholder=\"Website URL\" value=\"\" id=\"id-1\" required=\"required\" >\n\t\t\t<\/div>\n<\/div><div class=\"col-xs-12 col-sm-12 col-md-6 col-lg-6 form-builder-item input-standard-grey input-standard-grey\">\n\t<div class=\"field-text\">\n\t\t\t\t<input type=\"text\" name=\"text_11127c4\" placeholder=\"Your Name\" value=\"\" id=\"id-2\" required=\"required\" >\n\t\t\t<\/div>\n<\/div><\/div><div class=\"row\"><div class=\"col-xs-12 col-sm-12 col-md-4 col-lg-4 form-builder-item input-standard-grey input-standard-grey\">\n\t<div class=\"field-text\">\n\t\t\t\t<input type=\"text\" name=\"number_d9d1bdb\" placeholder=\"Phone\" value=\"\" id=\"id-3\" required=\"required\" >\n\t\t\t<\/div>\n<\/div><div class=\"col-xs-12 col-sm-12 col-md-4 col-lg-4 form-builder-item input-standard-grey input-standard-grey\">\n\t<div class=\"field-text\">\n\t\t\t\t<input type=\"text\" name=\"email_111584f\" placeholder=\"Email Address\" value=\"\" id=\"id-4\" required=\"required\" >\n\t\t\t<\/div>\n<\/div><div class=\"col-xs-12 col-sm-12 col-md-4 col-lg-4 form-builder-item input-standard-grey input-standard-grey\">\n\t<div class=\"field-text\">\n\t\t\t\t<input type=\"text\" name=\"text_d7840f9\" placeholder=\"Company\" value=\"\" id=\"id-5\" required=\"required\" >\n\t\t\t<\/div>\n<\/div><\/div><div class=\"row\"><div class=\"col-xs-12 col-lg-12 col-md-12 col-sm-12 form-builder-item input-standard-grey input-standard-grey\">\n\t<div class=\"field-textarea\">\n\t\t\t\t<textarea name=\"textarea_e62094b\" placeholder=\"Details\" id=\"id-6\" required=\"required\" ><\/textarea>\n\t\t\t<\/div>\n<\/div><\/div><div class=\"row\"><\/div><\/div><div class=\"col-xs-12 submit-wrap\"><button type=\"submit\" class=\"btn-hover-shadow btn btn-medium btn--primary\"><span class=\"text\">Send inquiry<\/span><span class=\"semicircle\"><\/span><\/button><\/div><input type=\"hidden\" name=\"trp-form-language\" value=\"en\"\/><\/form><div class=\"screen-reader-text form-message-field\" >Message sent!<\/div>    <\/div>\r\n<\/div><\/div><\/div><\/div><\/section><\/p>","protected":false},"excerpt":{"rendered":"<\/p><div class=\"more-link\"><a href=\"https:\/\/socialwind.es\/en\/local-seo\/\" class=\"btn btn-small btn--dark btn-hover-shadow\"><span class=\"text\">Continue Reading<\/span><i class=\"seoicon-right-arrow\"><\/i><\/a><\/div>","protected":false},"author":1,"featured_media":0,"parent":0,"menu_order":0,"comment_status":"closed","ping_status":"open","template":"","meta":{"footnotes":""},"class_list":["post-245","page","type-page","status-publish","hentry"],"yoast_head":"<!-- This site is optimized with the Yoast SEO plugin v26.1.1 - https:\/\/yoast.com\/wordpress\/plugins\/seo\/ -->\n<title>Local SEO - SocialWind<\/title>\n<meta name=\"robots\" content=\"index, follow, max-snippet:-1, max-image-preview:large, max-video-preview:-1\" \/>\n<link rel=\"canonical\" href=\"https:\/\/socialwind.es\/en\/local-seo\/\" \/>\n<meta property=\"og:locale\" content=\"en_GB\" \/>\n<meta property=\"og:type\" content=\"article\" \/>\n<meta property=\"og:title\" content=\"Local SEO - SocialWind\" \/>\n<meta property=\"og:url\" content=\"https:\/\/socialwind.es\/en\/local-seo\/\" \/>\n<meta property=\"og:site_name\" content=\"SocialWind\" \/>\n<meta property=\"article:publisher\" content=\"https:\/\/www.facebook.com\/socialwind.es\/\" \/>\n<meta property=\"article:modified_time\" content=\"2019-04-26T12:11:50+00:00\" \/>\n<meta property=\"og:image\" content=\"https:\/\/socialwind.es\/wp-content\/uploads\/2019\/03\/social-wind-COLOR-AF_Mesa-de-trabajo-1-e1551791868392.jpg\" \/>\n\t<meta property=\"og:image:width\" content=\"50\" \/>\n\t<meta property=\"og:image:height\" content=\"35\" \/>\n\t<meta property=\"og:image:type\" content=\"image\/jpeg\" \/>\n<meta name=\"twitter:card\" content=\"summary_large_image\" \/>\n<meta name=\"twitter:site\" content=\"@social_wind\" \/>\n<meta name=\"twitter:label1\" content=\"Estimated reading time\" \/>\n\t<meta name=\"twitter:data1\" content=\"5 minutes\" \/>\n<script type=\"application\/ld+json\" class=\"yoast-schema-graph\">{\"@context\":\"https:\/\/schema.org\",\"@graph\":[{\"@type\":\"WebPage\",\"@id\":\"https:\/\/socialwind.es\/local-seo\/\",\"url\":\"https:\/\/socialwind.es\/local-seo\/\",\"name\":\"Local SEO - SocialWind\",\"isPartOf\":{\"@id\":\"https:\/\/socialwind.es\/#website\"},\"datePublished\":\"2016-11-21T10:56:14+00:00\",\"dateModified\":\"2019-04-26T12:11:50+00:00\",\"breadcrumb\":{\"@id\":\"https:\/\/socialwind.es\/local-seo\/#breadcrumb\"},\"inLanguage\":\"en-GB\",\"potentialAction\":[{\"@type\":\"ReadAction\",\"target\":[\"https:\/\/socialwind.es\/local-seo\/\"]}]},{\"@type\":\"BreadcrumbList\",\"@id\":\"https:\/\/socialwind.es\/local-seo\/#breadcrumb\",\"itemListElement\":[{\"@type\":\"ListItem\",\"position\":1,\"name\":\"Portada\",\"item\":\"https:\/\/socialwind.es\/\"},{\"@type\":\"ListItem\",\"position\":2,\"name\":\"Local SEO\"}]},{\"@type\":\"WebSite\",\"@id\":\"https:\/\/socialwind.es\/#website\",\"url\":\"https:\/\/socialwind.es\/\",\"name\":\"SocialWind\",\"description\":\"\",\"publisher\":{\"@id\":\"https:\/\/socialwind.es\/#organization\"},\"potentialAction\":[{\"@type\":\"SearchAction\",\"target\":{\"@type\":\"EntryPoint\",\"urlTemplate\":\"https:\/\/socialwind.es\/?s={search_term_string}\"},\"query-input\":{\"@type\":\"PropertyValueSpecification\",\"valueRequired\":true,\"valueName\":\"search_term_string\"}}],\"inLanguage\":\"en-GB\"},{\"@type\":\"Organization\",\"@id\":\"https:\/\/socialwind.es\/#organization\",\"name\":\"Social Wind\",\"url\":\"https:\/\/socialwind.es\/\",\"logo\":{\"@type\":\"ImageObject\",\"inLanguage\":\"en-GB\",\"@id\":\"https:\/\/socialwind.es\/#\/schema\/logo\/image\/\",\"url\":\"https:\/\/socialwind.es\/wp-content\/uploads\/2019\/03\/social-wind-COLOR-AF_Mesa-de-trabajo-1-e1551791868392.jpg\",\"contentUrl\":\"https:\/\/socialwind.es\/wp-content\/uploads\/2019\/03\/social-wind-COLOR-AF_Mesa-de-trabajo-1-e1551791868392.jpg\",\"width\":50,\"height\":35,\"caption\":\"Social Wind\"},\"image\":{\"@id\":\"https:\/\/socialwind.es\/#\/schema\/logo\/image\/\"},\"sameAs\":[\"https:\/\/www.facebook.com\/socialwind.es\/\",\"https:\/\/x.com\/social_wind\"]}]}<\/script>\n<!-- \/ Yoast SEO plugin. -->","yoast_head_json":{"title":"Local SEO - SocialWind","robots":{"index":"index","follow":"follow","max-snippet":"max-snippet:-1","max-image-preview":"max-image-preview:large","max-video-preview":"max-video-preview:-1"},"canonical":"https:\/\/socialwind.es\/en\/local-seo\/","og_locale":"en_GB","og_type":"article","og_title":"Local SEO - SocialWind","og_url":"https:\/\/socialwind.es\/en\/local-seo\/","og_site_name":"SocialWind","article_publisher":"https:\/\/www.facebook.com\/socialwind.es\/","article_modified_time":"2019-04-26T12:11:50+00:00","og_image":[{"width":50,"height":35,"url":"https:\/\/socialwind.es\/wp-content\/uploads\/2019\/03\/social-wind-COLOR-AF_Mesa-de-trabajo-1-e1551791868392.jpg","type":"image\/jpeg"}],"twitter_card":"summary_large_image","twitter_site":"@social_wind","twitter_misc":{"Estimated reading time":"5 minutes"},"schema":{"@context":"https:\/\/schema.org","@graph":[{"@type":"WebPage","@id":"https:\/\/socialwind.es\/local-seo\/","url":"https:\/\/socialwind.es\/local-seo\/","name":"Local SEO - SocialWind","isPartOf":{"@id":"https:\/\/socialwind.es\/#website"},"datePublished":"2016-11-21T10:56:14+00:00","dateModified":"2019-04-26T12:11:50+00:00","breadcrumb":{"@id":"https:\/\/socialwind.es\/local-seo\/#breadcrumb"},"inLanguage":"en-GB","potentialAction":[{"@type":"ReadAction","target":["https:\/\/socialwind.es\/local-seo\/"]}]},{"@type":"BreadcrumbList","@id":"https:\/\/socialwind.es\/local-seo\/#breadcrumb","itemListElement":[{"@type":"ListItem","position":1,"name":"Portada","item":"https:\/\/socialwind.es\/"},{"@type":"ListItem","position":2,"name":"Local SEO"}]},{"@type":"WebSite","@id":"https:\/\/socialwind.es\/#website","url":"https:\/\/socialwind.es\/","name":"SocialWind","description":"","publisher":{"@id":"https:\/\/socialwind.es\/#organization"},"potentialAction":[{"@type":"SearchAction","target":{"@type":"EntryPoint","urlTemplate":"https:\/\/socialwind.es\/?s={search_term_string}"},"query-input":{"@type":"PropertyValueSpecification","valueRequired":true,"valueName":"search_term_string"}}],"inLanguage":"en-GB"},{"@type":"Organization","@id":"https:\/\/socialwind.es\/#organization","name":"Social Wind","url":"https:\/\/socialwind.es\/","logo":{"@type":"ImageObject","inLanguage":"en-GB","@id":"https:\/\/socialwind.es\/#\/schema\/logo\/image\/","url":"https:\/\/socialwind.es\/wp-content\/uploads\/2019\/03\/social-wind-COLOR-AF_Mesa-de-trabajo-1-e1551791868392.jpg","contentUrl":"https:\/\/socialwind.es\/wp-content\/uploads\/2019\/03\/social-wind-COLOR-AF_Mesa-de-trabajo-1-e1551791868392.jpg","width":50,"height":35,"caption":"Social Wind"},"image":{"@id":"https:\/\/socialwind.es\/#\/schema\/logo\/image\/"},"sameAs":["https:\/\/www.facebook.com\/socialwind.es\/","https:\/\/x.com\/social_wind"]}]}},"brizy_media":[],"_links":{"self":[{"href":"https:\/\/socialwind.es\/en\/wp-json\/wp\/v2\/pages\/245","targetHints":{"allow":["GET"]}}],"collection":[{"href":"https:\/\/socialwind.es\/en\/wp-json\/wp\/v2\/pages"}],"about":[{"href":"https:\/\/socialwind.es\/en\/wp-json\/wp\/v2\/types\/page"}],"author":[{"embeddable":true,"href":"https:\/\/socialwind.es\/en\/wp-json\/wp\/v2\/users\/1"}],"replies":[{"embeddable":true,"href":"https:\/\/socialwind.es\/en\/wp-json\/wp\/v2\/comments?post=245"}],"version-history":[{"count":4,"href":"https:\/\/socialwind.es\/en\/wp-json\/wp\/v2\/pages\/245\/revisions"}],"predecessor-version":[{"id":2013,"href":"https:\/\/socialwind.es\/en\/wp-json\/wp\/v2\/pages\/245\/revisions\/2013"}],"wp:attachment":[{"href":"https:\/\/socialwind.es\/en\/wp-json\/wp\/v2\/media?parent=245"}],"curies":[{"name":"wp","href":"https:\/\/api.w.org\/{rel}","templated":true}]}}